{"id":71,"date":"2021-03-28T10:23:11","date_gmt":"2021-03-28T07:23:11","guid":{"rendered":"https:\/\/zenyapim.com\/?page_id=71"},"modified":"2021-03-28T10:26:17","modified_gmt":"2021-03-28T07:26:17","slug":"haberler","status":"publish","type":"page","link":"https:\/\/zenyapim.com\/en\/haberler\/","title":{"rendered":"NEWS"},"content":{"rendered":"<div id=\"modal-ready\">\t\t\t<!-- Cool Timeline Free V3.3.1 -->\n\t\t\t<div class=\"ctl-wrapper\" role=\"region\" aria-label=\"Timeline\">\n\t\t\t\t<div class=\"ctl-before-content\"><div class=\"timeline-main-title\"><h1>Haberler<\/h1><\/div><\/div>\t\t\t\t<div id=\"cool_timeline_1\" class=\"cool-timeline-wrapper ctl-both-sided ctl-vertical-wrapper ctl-clean-skin\" >\n\t\t\t\t\t<div class=\"ctl-start\"><\/div>\n\t\t\t\t\t<!-- Timeline Container -->\n\t\t\t\t\t<div class=\"ctl-timeline ctl-timeline-container\" data-animation=\"fade-up\">\n\t\t\t\t\t\t<!-- Center Line -->\n\t\t\t\t\t\t<div class=\"ctl-inner-line\" role=\"presentation\"><\/div>\n\t\t\t\t\t\t\t\t\t\t\t\t<!-- Story Year Section --><div data-cls=\"sc-nv-light vertical\" class=\"timeline-year scrollable-section ctl-year ctl-year-container light-year\" data-section-title=\"2022\" id=\"year-2022\"><div class=\"ctl-year-label ctl-year-text\"><span>2022<\/span><\/div><\/div><!-- Timeline Content --><div  id=\"ctl-story-204\" class=\"ctl-story ctl-story-icon odd ctl-story-right\" data-aos=\"fade-up\"   data-story-index=\"1\" role=\"article\"><!-- Story Date --><div class=\"ctl-labels\"><div class=\"ctl-label-big story-date\">01\/06\/2022<\/div><\/div><!-- Story Icon --><div class=\"ctl-icon\"><i class=\"fa fa-clock-o\" aria-hidden=\"true\"><\/i><\/div> <!-- Story Content --><div class=\"ctl-content\"><!-- Story Title --><div class=\"ctl-title story-204\" aria-label=\"2\"><a target=\"_blank\" title=\"\u00c7\u0130NGENE KIZI ZEUGMA SHOW TV\" href=\"https:\/\/zenyapim.com\/en\/cool_timeline\/cingene-kizi-zeugma-show-tv\/\" class=\"story-link\">\u00c7\u0130NGENE KIZI ZEUGMA SHOW TV<\/a><\/div><!-- Story Description --><div class=\"ctl-description\"><div id=\"modal-ready\">\n<p>Komedi filmimiz Zeugma \u00c7ingene K\u0131z\u0131&hellip;<a class=\"read_more ctl_read_more\" target=\"_blank\" href=\"https:\/\/zenyapim.com\/en\/cool_timeline\/cingene-kizi-zeugma-show-tv\/\" role=\"link\">Read More<\/a><\/p>\n<\/div>\n<\/div><\/div><\/div><!-- Timeline Content --><div  id=\"ctl-story-202\" class=\"ctl-story ctl-story-icon even ctl-story-left\" data-aos=\"fade-up\"   data-story-index=\"2\" role=\"article\"><!-- Story Date --><div class=\"ctl-labels\"><div class=\"ctl-label-big story-date\">13\/03\/2022<\/div><\/div><!-- Story Icon --><div class=\"ctl-icon\"><i class=\"fa fa-clock-o\" aria-hidden=\"true\"><\/i><\/div> <!-- Story Content --><div class=\"ctl-content\"><!-- Story Title --><div class=\"ctl-title story-202\" aria-label=\"2\"><a target=\"_blank\" title=\"\u00c7\u0130NGENE KIZI ZEUGMA TV8\" href=\"https:\/\/zenyapim.com\/en\/cool_timeline\/cingene-kizi-zeugma-tv8\/\" class=\"story-link\">\u00c7\u0130NGENE KIZI ZEUGMA TV8<\/a><\/div><!-- Story Description --><div class=\"ctl-description\"><div id=\"modal-ready\">\n<p>Komedi filmimiz Zeugma \u00c7ingene K\u0131z\u0131&hellip;<a class=\"read_more ctl_read_more\" target=\"_blank\" href=\"https:\/\/zenyapim.com\/en\/cool_timeline\/cingene-kizi-zeugma-tv8\/\" role=\"link\">Read More<\/a><\/p>\n<\/div>\n<\/div><\/div><\/div><!-- Timeline Content --><div  id=\"ctl-story-68\" class=\"ctl-story ctl-story-icon odd ctl-story-right\" data-aos=\"fade-up\"   data-story-index=\"3\" role=\"article\"><!-- Story Date --><div class=\"ctl-labels\"><div class=\"ctl-label-big story-date\">13\/03\/2022<\/div><\/div><!-- Story Icon --><div class=\"ctl-icon\"><i class=\"fa fa-clock-o\" aria-hidden=\"true\"><\/i><\/div> <!-- Story Content --><div class=\"ctl-content\"><!-- Story Title --><div class=\"ctl-title story-68\" aria-label=\"2\"><a target=\"_blank\" title=\"\u00c7\u0130NGENE KIZI ZEUGMA TV100\" href=\"https:\/\/zenyapim.com\/en\/cool_timeline\/cingene-kizi-zeugma-tv100\/\" class=\"story-link\">\u00c7\u0130NGENE KIZI ZEUGMA TV100<\/a><\/div><!-- Story Description --><div class=\"ctl-description\"><div id=\"modal-ready\">\n<p>Komedi filmimiz Zeugma \u00c7ingene K\u0131z\u0131&hellip;<a class=\"read_more ctl_read_more\" target=\"_blank\" href=\"https:\/\/zenyapim.com\/en\/cool_timeline\/cingene-kizi-zeugma-tv100\/\" role=\"link\">Read More<\/a><\/p>\n<\/div>\n<\/div><\/div><\/div><!-- Story Year Section --><div data-cls=\"sc-nv-light vertical\" class=\"timeline-year scrollable-section ctl-year ctl-year-container light-year\" data-section-title=\"2021\" id=\"year-2021\"><div class=\"ctl-year-label ctl-year-text\"><span>2021<\/span><\/div><\/div><!-- Timeline Content --><div  id=\"ctl-story-70\" class=\"ctl-story ctl-story-icon even ctl-story-left\" data-aos=\"fade-up\"   data-story-index=\"4\" role=\"article\"><!-- Story Date --><div class=\"ctl-labels\"><div class=\"ctl-label-big story-date\">08\/02\/2021<\/div><\/div><!-- Story Icon --><div class=\"ctl-icon\"><i class=\"fa fa-clock-o\" aria-hidden=\"true\"><\/i><\/div> <!-- Story Content --><div class=\"ctl-content\"><!-- Story Title --><div class=\"ctl-title story-70\" aria-label=\"2\"><a target=\"_blank\" title=\"\u00c7\u0130NGENE KIZI ZEUGMA GAZETE HABERLER\u0130\" href=\"https:\/\/zenyapim.com\/en\/cool_timeline\/haber-2\/\" class=\"story-link\">\u00c7\u0130NGENE KIZI ZEUGMA GAZETE HABERLER\u0130<\/a><\/div><!-- Story Description --><div class=\"ctl-description\"><div id=\"modal-ready\">\n<p>Komedi filmimiz Zeugma \u00c7ingene K\u0131z\u0131&hellip;<a class=\"read_more ctl_read_more\" target=\"_blank\" href=\"https:\/\/zenyapim.com\/en\/cool_timeline\/haber-2\/\" role=\"link\">Read More<\/a><\/p>\n<\/div>\n<\/div><\/div><\/div>\t\t\t\t\t<\/div>\n\t\t\t\t\t<div class=\"ctl-end\"><\/div>\n\t\t\t\t\t\t\t\t\t<\/div>\n\t\t\t<\/div>\n\t\t\t\n<\/div>","protected":false},"excerpt":{"rendered":"","protected":false},"author":1,"featured_media":0,"parent":0,"menu_order":0,"comment_status":"closed","ping_status":"closed","template":"","meta":{"footnotes":""},"_links":{"self":[{"href":"https:\/\/zenyapim.com\/en\/wp-json\/wp\/v2\/pages\/71"}],"collection":[{"href":"https:\/\/zenyapim.com\/en\/wp-json\/wp\/v2\/pages"}],"about":[{"href":"https:\/\/zenyapim.com\/en\/wp-json\/wp\/v2\/types\/page"}],"author":[{"embeddable":true,"href":"https:\/\/zenyapim.com\/en\/wp-json\/wp\/v2\/users\/1"}],"replies":[{"embeddable":true,"href":"https:\/\/zenyapim.com\/en\/wp-json\/wp\/v2\/comments?post=71"}],"version-history":[{"count":4,"href":"https:\/\/zenyapim.com\/en\/wp-json\/wp\/v2\/pages\/71\/revisions"}],"predecessor-version":[{"id":76,"href":"https:\/\/zenyapim.com\/en\/wp-json\/wp\/v2\/pages\/71\/revisions\/76"}],"wp:attachment":[{"href":"https:\/\/zenyapim.com\/en\/wp-json\/wp\/v2\/media?parent=71"}],"curies":[{"name":"wp","href":"https:\/\/api.w.org\/{rel}","templated":true}]}}