{"id":2,"date":"2021-03-26T08:03:15","date_gmt":"2021-03-26T05:03:15","guid":{"rendered":"http:\/\/zenyapim.com\/?page_id=2"},"modified":"2024-04-28T02:15:02","modified_gmt":"2024-04-27T23:15:02","slug":"ana-sayfa","status":"publish","type":"page","link":"https:\/\/zenyapim.com\/ar\/","title":{"rendered":"\u0627\u0644\u0635\u0641\u062d\u0629 \u0627\u0644\u0631\u0626\u064a\u0633\u064a\u0629"},"content":{"rendered":"<div id=\"modal-ready\"><p><\/p>\n<h2>\u0645\u0642\u062f\u0645\u0627\u062a<\/h2>\n<div class=\"baslikCizgisi\"><\/div>\n<div class=\"row tanitimlar\">\n<div class=\"col-md-4\">\n<p><iframe loading=\"lazy\" title=\"\u00c7\u0130NGENE KIZI ZEUGMA FRAGMAN\" width=\"500\" height=\"281\" src=\"https:\/\/www.youtube.com\/embed\/dNgv6Gelqc0?feature=oembed\" frameborder=\"0\" allow=\"accelerometer; autoplay; clipboard-write; encrypted-media; gyroscope; picture-in-picture; web-share\" referrerpolicy=\"strict-origin-when-cross-origin\" allowfullscreen><\/iframe><\/p>\n<\/div>\n<div class=\"col-md-4\">\n<p><iframe loading=\"lazy\" title=\"RAKUN\" width=\"500\" height=\"281\" src=\"https:\/\/www.youtube.com\/embed\/tkIEkUNYYtQ?feature=oembed\" frameborder=\"0\" allow=\"accelerometer; autoplay; clipboard-write; encrypted-media; gyroscope; picture-in-picture; web-share\" referrerpolicy=\"strict-origin-when-cross-origin\" allowfullscreen><\/iframe><\/p>\n<\/div>\n<div class=\"col-md-4\">\n<p><iframe loading=\"lazy\" title=\"BUKALEMUN - POL\u0130S\u0130YE D\u0130Z\u0130\" width=\"500\" height=\"281\" src=\"https:\/\/www.youtube.com\/embed\/7BzdQ25orKs?feature=oembed\" frameborder=\"0\" allow=\"accelerometer; autoplay; clipboard-write; encrypted-media; gyroscope; picture-in-picture; web-share\" referrerpolicy=\"strict-origin-when-cross-origin\" allowfullscreen><\/iframe><\/p>\n<\/div>\n<\/div>\n<p><\/p>\n<\/div>","protected":false},"excerpt":{"rendered":"<p>\u0645\u0642\u062f\u0645\u0627\u062a<\/p>\n","protected":false},"author":1,"featured_media":0,"parent":0,"menu_order":0,"comment_status":"closed","ping_status":"open","template":"","meta":{"footnotes":""},"_links":{"self":[{"href":"https:\/\/zenyapim.com\/ar\/wp-json\/wp\/v2\/pages\/2"}],"collection":[{"href":"https:\/\/zenyapim.com\/ar\/wp-json\/wp\/v2\/pages"}],"about":[{"href":"https:\/\/zenyapim.com\/ar\/wp-json\/wp\/v2\/types\/page"}],"author":[{"embeddable":true,"href":"https:\/\/zenyapim.com\/ar\/wp-json\/wp\/v2\/users\/1"}],"replies":[{"embeddable":true,"href":"https:\/\/zenyapim.com\/ar\/wp-json\/wp\/v2\/comments?post=2"}],"version-history":[{"count":31,"href":"https:\/\/zenyapim.com\/ar\/wp-json\/wp\/v2\/pages\/2\/revisions"}],"predecessor-version":[{"id":255,"href":"https:\/\/zenyapim.com\/ar\/wp-json\/wp\/v2\/pages\/2\/revisions\/255"}],"wp:attachment":[{"href":"https:\/\/zenyapim.com\/ar\/wp-json\/wp\/v2\/media?parent=2"}],"curies":[{"name":"wp","href":"https:\/\/api.w.org\/{rel}","templated":true}]}}